{"id":223,"date":"2025-05-23T22:45:57","date_gmt":"2025-05-23T20:45:57","guid":{"rendered":"https:\/\/coloniafelinatorrox.es\/?page_id=223"},"modified":"2025-05-27T23:01:00","modified_gmt":"2025-05-27T21:01:00","slug":"adopta","status":"publish","type":"page","link":"https:\/\/coloniafelinatorrox.es\/?page_id=223","title":{"rendered":"ADOPTA"},"content":{"rendered":"\n<p><\/p>\n\n\n\n<p><strong>\u00bfQuieres aumentar tu familia?<\/strong> <strong>\u00bfEst\u00e1s pensando en adoptar un gato?<\/strong><\/p>\n\n\n\n<p>Antes de adoptar&#8230; \u00a1piensa!<\/p>\n\n\n\n<p>\u00bfEst\u00e1s preparado\/a para tener un gato? \u00bfDe verdad?<\/p>\n\n\n\n<p>\u00bfConoces las necesidades de estos animales?<\/p>\n\n\n\n<p>\u00bfEst\u00e1s dispuesto\/a a asumir la responsabilidad que conlleva convivir con un animal dom\u00e9stico de compa\u00f1\u00eda?<\/p>\n\n\n\n<p>\u00a1Empezamos!<\/p>\n\n\n\n<figure class=\"wp-block-gallery has-nested-images columns-default is-cropped wp-block-gallery-1 is-layout-flex wp-block-gallery-is-layout-flex\">\n<figure class=\"wp-block-image size-full\"><img loading=\"lazy\" decoding=\"async\" width=\"2560\" height=\"1709\" data-id=\"95\" src=\"https:\/\/coloniafelinatorrox.es\/wp-content\/uploads\/2022\/07\/peques-eguiluz-3-48-scaled.jpg\" alt=\"Champ\u00fa Colonia Felina Torrox\" class=\"wp-image-95\" srcset=\"https:\/\/coloniafelinatorrox.es\/wp-content\/uploads\/2022\/07\/peques-eguiluz-3-48-scaled.jpg 2560w, https:\/\/coloniafelinatorrox.es\/wp-content\/uploads\/2022\/07\/peques-eguiluz-3-48-300x200.jpg 300w, https:\/\/coloniafelinatorrox.es\/wp-content\/uploads\/2022\/07\/peques-eguiluz-3-48-1024x683.jpg 1024w, https:\/\/coloniafelinatorrox.es\/wp-content\/uploads\/2022\/07\/peques-eguiluz-3-48-768x513.jpg 768w, https:\/\/coloniafelinatorrox.es\/wp-content\/uploads\/2022\/07\/peques-eguiluz-3-48-1536x1025.jpg 1536w, https:\/\/coloniafelinatorrox.es\/wp-content\/uploads\/2022\/07\/peques-eguiluz-3-48-2048x1367.jpg 2048w\" sizes=\"auto, (max-width: 2560px) 100vw, 2560px\" \/><\/figure>\n\n\n\n<figure class=\"wp-block-image size-full\"><img loading=\"lazy\" decoding=\"async\" width=\"1242\" height=\"829\" data-id=\"176\" src=\"https:\/\/coloniafelinatorrox.es\/wp-content\/uploads\/2025\/05\/img_1632-1.jpg\" alt=\"\" class=\"wp-image-176\" srcset=\"https:\/\/coloniafelinatorrox.es\/wp-content\/uploads\/2025\/05\/img_1632-1.jpg 1242w, https:\/\/coloniafelinatorrox.es\/wp-content\/uploads\/2025\/05\/img_1632-1-300x200.jpg 300w, https:\/\/coloniafelinatorrox.es\/wp-content\/uploads\/2025\/05\/img_1632-1-1024x683.jpg 1024w, https:\/\/coloniafelinatorrox.es\/wp-content\/uploads\/2025\/05\/img_1632-1-768x513.jpg 768w\" sizes=\"auto, (max-width: 1242px) 100vw, 1242px\" \/><\/figure>\n\n\n\n<figure class=\"wp-block-image size-large\"><img loading=\"lazy\" decoding=\"async\" width=\"1024\" height=\"1024\" data-id=\"269\" src=\"https:\/\/coloniafelinatorrox.es\/wp-content\/uploads\/2025\/05\/post-ig-torrox-1-1-1024x1024.png\" alt=\"\" class=\"wp-image-269\" srcset=\"https:\/\/coloniafelinatorrox.es\/wp-content\/uploads\/2025\/05\/post-ig-torrox-1-1-1024x1024.png 1024w, https:\/\/coloniafelinatorrox.es\/wp-content\/uploads\/2025\/05\/post-ig-torrox-1-1-300x300.png 300w, https:\/\/coloniafelinatorrox.es\/wp-content\/uploads\/2025\/05\/post-ig-torrox-1-1-150x150.png 150w, https:\/\/coloniafelinatorrox.es\/wp-content\/uploads\/2025\/05\/post-ig-torrox-1-1-768x768.png 768w, https:\/\/coloniafelinatorrox.es\/wp-content\/uploads\/2025\/05\/post-ig-torrox-1-1.png 1080w\" sizes=\"auto, (max-width: 1024px) 100vw, 1024px\" \/><\/figure>\n<\/figure>\n\n\n\n<p>Uno de los objetivos principales de la Asociaci\u00f3n es fomentar la <strong>convivencia responsable <\/strong>promoviendo estrategias de adopci\u00f3n que velen por el bienestar y los derechos de los gatos y que nos ayuden a cumplir con la normativa vigente tanto a las asociaciones como a las familias adoptantes.<\/p>\n\n\n\n<p>Bienvenidos\/as a este espacio de adopci\u00f3n responsable en el que os iremos presentando a los gatos disponibles para adopci\u00f3n siguiendo un protocolo basado en la Ley 7\/2023 de Protecci\u00f3n de los Derechos y Bienestar de los Animales:<\/p>\n\n\n\n<ul class=\"wp-block-list\">\n<li>Se entregan gatitos mayores de 2 meses.<\/li>\n\n\n\n<li>Se entregan con microchip y pasaporte.<\/li>\n\n\n\n<li>Revisi\u00f3n veterinaria y cuarentena sanitaria.<\/li>\n\n\n\n<li>Calendario de vacunas y desparasitaciones al d\u00eda acorde a la edad del gato.<\/li>\n\n\n\n<li>Esterilizaci\u00f3n si es mayor de 6 meses. Y si es menor con compromiso de ello antes de esa fecha. <\/li>\n\n\n\n<li>Formulario de adopci\u00f3n, contrato y seguimiento est\u00e1ndar.<\/li>\n\n\n\n<li>Los Gastos veterinarios los abonar\u00e1n las familias adoptantes directamente en la cl\u00ednica veterinaria de su elecci\u00f3n. <\/li>\n\n\n\n<li>El origen de los gatos se pondr\u00e1 en conocimiento de las Autoridades Competentes.<\/li>\n\n\n\n<li>A las cl\u00e1usulas obligatorias por normativa a\u00f1adimos la protecci\u00f3n en las ventanas para evitar su huida accidental.<\/li>\n<\/ul>\n\n\n\n<figure class=\"wp-block-gallery has-nested-images columns-default is-cropped wp-block-gallery-2 is-layout-flex wp-block-gallery-is-layout-flex\">\n<figure class=\"wp-block-image size-large\"><img loading=\"lazy\" decoding=\"async\" width=\"1024\" height=\"684\" data-id=\"228\" src=\"https:\/\/coloniafelinatorrox.es\/wp-content\/uploads\/2025\/05\/494412523_10229858588622876_1864148298045109710_n-1024x684.jpg\" alt=\"\" class=\"wp-image-228\" srcset=\"https:\/\/coloniafelinatorrox.es\/wp-content\/uploads\/2025\/05\/494412523_10229858588622876_1864148298045109710_n-1024x684.jpg 1024w, https:\/\/coloniafelinatorrox.es\/wp-content\/uploads\/2025\/05\/494412523_10229858588622876_1864148298045109710_n-300x200.jpg 300w, https:\/\/coloniafelinatorrox.es\/wp-content\/uploads\/2025\/05\/494412523_10229858588622876_1864148298045109710_n-768x513.jpg 768w, https:\/\/coloniafelinatorrox.es\/wp-content\/uploads\/2025\/05\/494412523_10229858588622876_1864148298045109710_n-1536x1025.jpg 1536w, https:\/\/coloniafelinatorrox.es\/wp-content\/uploads\/2025\/05\/494412523_10229858588622876_1864148298045109710_n.jpg 2048w\" sizes=\"auto, (max-width: 1024px) 100vw, 1024px\" \/><\/figure>\n\n\n\n<figure class=\"wp-block-image size-large\"><img loading=\"lazy\" decoding=\"async\" width=\"1024\" height=\"684\" data-id=\"226\" src=\"https:\/\/coloniafelinatorrox.es\/wp-content\/uploads\/2025\/05\/461609373_10227574568163792_308676009544378263_n-1024x684.jpg\" alt=\"\" class=\"wp-image-226\" srcset=\"https:\/\/coloniafelinatorrox.es\/wp-content\/uploads\/2025\/05\/461609373_10227574568163792_308676009544378263_n-1024x684.jpg 1024w, https:\/\/coloniafelinatorrox.es\/wp-content\/uploads\/2025\/05\/461609373_10227574568163792_308676009544378263_n-300x200.jpg 300w, https:\/\/coloniafelinatorrox.es\/wp-content\/uploads\/2025\/05\/461609373_10227574568163792_308676009544378263_n-768x513.jpg 768w, https:\/\/coloniafelinatorrox.es\/wp-content\/uploads\/2025\/05\/461609373_10227574568163792_308676009544378263_n-1536x1025.jpg 1536w, https:\/\/coloniafelinatorrox.es\/wp-content\/uploads\/2025\/05\/461609373_10227574568163792_308676009544378263_n.jpg 2048w\" sizes=\"auto, (max-width: 1024px) 100vw, 1024px\" \/><\/figure>\n\n\n\n<figure class=\"wp-block-image size-large\"><img loading=\"lazy\" decoding=\"async\" width=\"1024\" height=\"1024\" data-id=\"227\" src=\"https:\/\/coloniafelinatorrox.es\/wp-content\/uploads\/2025\/05\/491346022_18055065983332490_5653859796701419686_n-1024x1024.jpg\" alt=\"\" class=\"wp-image-227\" srcset=\"https:\/\/coloniafelinatorrox.es\/wp-content\/uploads\/2025\/05\/491346022_18055065983332490_5653859796701419686_n-1024x1024.jpg 1024w, https:\/\/coloniafelinatorrox.es\/wp-content\/uploads\/2025\/05\/491346022_18055065983332490_5653859796701419686_n-300x300.jpg 300w, https:\/\/coloniafelinatorrox.es\/wp-content\/uploads\/2025\/05\/491346022_18055065983332490_5653859796701419686_n-150x150.jpg 150w, https:\/\/coloniafelinatorrox.es\/wp-content\/uploads\/2025\/05\/491346022_18055065983332490_5653859796701419686_n-768x768.jpg 768w, https:\/\/coloniafelinatorrox.es\/wp-content\/uploads\/2025\/05\/491346022_18055065983332490_5653859796701419686_n.jpg 1440w\" sizes=\"auto, (max-width: 1024px) 100vw, 1024px\" \/><\/figure>\n<\/figure>\n\n\n\n<p><strong>Adopta<\/strong>r es amar incondicionalmente a un animal de compa\u00f1\u00eda y convertirlo en un miembro m\u00e1s de tu familia.<\/p>\n\n\n\n<p><strong>Adoptar<\/strong> es un acto de responsabilidad permanente hacia un ser vivo y sintiente que necesitar\u00e1 cuidados durante toda su vida.<\/p>\n\n\n\n<p><strong>Adoptar<\/strong> es hacerse cargo del bienestar de tu amigo en el m\u00e1s amplio sentido de la palabra.<\/p>\n\n\n\n<p><strong>Adoptar<\/strong> es cumplir la ley: es velar por su seguridad, evitando que se escape y que corra peligro en la calle porque as\u00ed lo indica la el Convenio Europeo sobre Protecci\u00f3n de Animales de Compa\u00f1\u00eda que entr\u00f3 en vigor -por fin- en 2018.<\/p>\n\n\n\n<p><strong>Adoptar<\/strong> es identificar, vacunar y desparasitar porque los proteges a ellos pero tambi\u00e9n a todos los miembros de tu familia y de tu comunidad evitando zoonosis.<\/p>\n\n\n\n<p><strong>Adoptar<\/strong> es esterilizar y evitar camadas indeseadas, ciertos tumores, marcajes con orina y noches de maullidos interminables.<\/p>\n\n\n\n<p><strong>Adoptar<\/strong> es proporcionarles asistencia sanitaria cuando ellos lo necesiten, porque es su derecho y tu obligaci\u00f3n.<\/p>\n\n\n\n<p><strong>Adoptar<\/strong> es salvar vidas. La del animal adoptado y la del siguiente que ocupar\u00e1 su lugar en la casa de acogida.<\/p>\n\n\n\n<p><strong>Adoptar<\/strong> es devolverles su dignidad.<\/p>\n\n\n\n<p class=\"has-large-font-size\"><\/p>\n\n\n\n<h5 class=\"wp-block-heading\"><strong>RELLENA EL SIGUIENTE FORMULARIO:<\/strong><\/h5>\n\n\n\n<p>El objetivo de este cuestionario es encontrar la combinaci\u00f3n gato\/familia \u00f3ptima, de manera que, ambos sean felices tras la adopci\u00f3n.<br \/>Por favor, responda a continuaci\u00f3n de cada pregunta, con la mayor claridad posible, y exti\u00e9ndase en sus respuestas tanto como desee o crea necesario:<\/p>\n\n\n\n<p><a href=\"https:\/\/forms.gle\/uTiQxKsfuZGSXfor6\">https:\/\/forms.gle\/uTiQxKsfuZGSXfor6<\/a><\/p>\n\n\n\n<h5 class=\"wp-block-heading has-medium-font-size\"><strong>GATOS EN ADOPCI\u00d3N<\/strong><\/h5>\n\n\n\n<figure class=\"wp-block-gallery has-nested-images columns-default is-cropped wp-block-gallery-3 is-layout-flex wp-block-gallery-is-layout-flex\">\n<figure class=\"wp-block-image size-full\"><img loading=\"lazy\" decoding=\"async\" width=\"1348\" height=\"899\" data-id=\"305\" src=\"https:\/\/coloniafelinatorrox.es\/wp-content\/uploads\/2025\/05\/olaf.jpg\" alt=\"\" class=\"wp-image-305\" srcset=\"https:\/\/coloniafelinatorrox.es\/wp-content\/uploads\/2025\/05\/olaf.jpg 1348w, https:\/\/coloniafelinatorrox.es\/wp-content\/uploads\/2025\/05\/olaf-300x200.jpg 300w, https:\/\/coloniafelinatorrox.es\/wp-content\/uploads\/2025\/05\/olaf-1024x683.jpg 1024w, https:\/\/coloniafelinatorrox.es\/wp-content\/uploads\/2025\/05\/olaf-768x512.jpg 768w\" sizes=\"auto, (max-width: 1348px) 100vw, 1348px\" \/><figcaption class=\"wp-element-caption\"><strong>OLAF<\/strong> <\/figcaption><\/figure>\n\n\n\n<figure class=\"wp-block-image size-large\"><img loading=\"lazy\" decoding=\"async\" width=\"1024\" height=\"683\" data-id=\"307\" src=\"https:\/\/coloniafelinatorrox.es\/wp-content\/uploads\/2025\/05\/pepito-1024x683.jpg\" alt=\"\" class=\"wp-image-307\" srcset=\"https:\/\/coloniafelinatorrox.es\/wp-content\/uploads\/2025\/05\/pepito-1024x683.jpg 1024w, https:\/\/coloniafelinatorrox.es\/wp-content\/uploads\/2025\/05\/pepito-300x200.jpg 300w, https:\/\/coloniafelinatorrox.es\/wp-content\/uploads\/2025\/05\/pepito-768x513.jpg 768w, https:\/\/coloniafelinatorrox.es\/wp-content\/uploads\/2025\/05\/pepito.jpg 1440w\" sizes=\"auto, (max-width: 1024px) 100vw, 1024px\" \/><figcaption class=\"wp-element-caption\"><strong>PEPITO<\/strong><\/figcaption><\/figure>\n\n\n\n<figure class=\"wp-block-image size-large\"><img loading=\"lazy\" decoding=\"async\" width=\"1024\" height=\"684\" data-id=\"306\" src=\"https:\/\/coloniafelinatorrox.es\/wp-content\/uploads\/2025\/05\/emma-1024x684.jpg\" alt=\"\" class=\"wp-image-306\" srcset=\"https:\/\/coloniafelinatorrox.es\/wp-content\/uploads\/2025\/05\/emma-1024x684.jpg 1024w, https:\/\/coloniafelinatorrox.es\/wp-content\/uploads\/2025\/05\/emma-300x200.jpg 300w, https:\/\/coloniafelinatorrox.es\/wp-content\/uploads\/2025\/05\/emma-768x513.jpg 768w, https:\/\/coloniafelinatorrox.es\/wp-content\/uploads\/2025\/05\/emma-1536x1026.jpg 1536w, https:\/\/coloniafelinatorrox.es\/wp-content\/uploads\/2025\/05\/emma.jpg 2048w\" sizes=\"auto, (max-width: 1024px) 100vw, 1024px\" \/><figcaption class=\"wp-element-caption\"><strong>EMMA<\/strong><\/figcaption><\/figure>\n\n\n\n<figure class=\"wp-block-image size-large\"><img loading=\"lazy\" decoding=\"async\" width=\"1024\" height=\"684\" data-id=\"308\" src=\"https:\/\/coloniafelinatorrox.es\/wp-content\/uploads\/2025\/05\/esmeralda-1024x684.jpg\" alt=\"\" class=\"wp-image-308\" srcset=\"https:\/\/coloniafelinatorrox.es\/wp-content\/uploads\/2025\/05\/esmeralda-1024x684.jpg 1024w, https:\/\/coloniafelinatorrox.es\/wp-content\/uploads\/2025\/05\/esmeralda-300x200.jpg 300w, https:\/\/coloniafelinatorrox.es\/wp-content\/uploads\/2025\/05\/esmeralda-768x513.jpg 768w, https:\/\/coloniafelinatorrox.es\/wp-content\/uploads\/2025\/05\/esmeralda-1536x1026.jpg 1536w, https:\/\/coloniafelinatorrox.es\/wp-content\/uploads\/2025\/05\/esmeralda.jpg 2048w\" sizes=\"auto, (max-width: 1024px) 100vw, 1024px\" \/><figcaption class=\"wp-element-caption\"><strong>ESMERALDA<\/strong><\/figcaption><\/figure>\n\n\n\n<figure class=\"wp-block-image size-large\"><img loading=\"lazy\" decoding=\"async\" width=\"1024\" height=\"684\" data-id=\"310\" src=\"https:\/\/coloniafelinatorrox.es\/wp-content\/uploads\/2025\/05\/tobias-1024x684.jpg\" alt=\"\" class=\"wp-image-310\" srcset=\"https:\/\/coloniafelinatorrox.es\/wp-content\/uploads\/2025\/05\/tobias-1024x684.jpg 1024w, https:\/\/coloniafelinatorrox.es\/wp-content\/uploads\/2025\/05\/tobias-300x200.jpg 300w, https:\/\/coloniafelinatorrox.es\/wp-content\/uploads\/2025\/05\/tobias-768x513.jpg 768w, https:\/\/coloniafelinatorrox.es\/wp-content\/uploads\/2025\/05\/tobias-1536x1026.jpg 1536w, https:\/\/coloniafelinatorrox.es\/wp-content\/uploads\/2025\/05\/tobias.jpg 2048w\" sizes=\"auto, (max-width: 1024px) 100vw, 1024px\" \/><figcaption class=\"wp-element-caption\"><strong>TOB\u00cdAS<\/strong><\/figcaption><\/figure>\n\n\n\n<figure class=\"wp-block-image size-large\"><img loading=\"lazy\" decoding=\"async\" width=\"1024\" height=\"684\" data-id=\"309\" src=\"https:\/\/coloniafelinatorrox.es\/wp-content\/uploads\/2025\/05\/currito-1024x684.jpg\" alt=\"\" class=\"wp-image-309\" srcset=\"https:\/\/coloniafelinatorrox.es\/wp-content\/uploads\/2025\/05\/currito-1024x684.jpg 1024w, https:\/\/coloniafelinatorrox.es\/wp-content\/uploads\/2025\/05\/currito-300x200.jpg 300w, https:\/\/coloniafelinatorrox.es\/wp-content\/uploads\/2025\/05\/currito-768x513.jpg 768w, https:\/\/coloniafelinatorrox.es\/wp-content\/uploads\/2025\/05\/currito-1536x1026.jpg 1536w, https:\/\/coloniafelinatorrox.es\/wp-content\/uploads\/2025\/05\/currito.jpg 2048w\" sizes=\"auto, (max-width: 1024px) 100vw, 1024px\" \/><figcaption class=\"wp-element-caption\"><strong>CURRITO<\/strong><\/figcaption><\/figure>\n<\/figure>\n\n\n\n<figure class=\"wp-block-gallery has-nested-images columns-default is-cropped wp-block-gallery-4 is-layout-flex wp-block-gallery-is-layout-flex\">\n<figure class=\"wp-block-image\"><img loading=\"lazy\" decoding=\"async\" width=\"1024\" height=\"684\" data-id=\"335\" src=\"https:\/\/coloniafelinatorrox.es\/wp-content\/uploads\/2025\/05\/d3088109b08520f16de812669944682f-1-1024x684.jpg\" alt=\"\" class=\"wp-image-335\" srcset=\"https:\/\/coloniafelinatorrox.es\/wp-content\/uploads\/2025\/05\/d3088109b08520f16de812669944682f-1-1024x684.jpg 1024w, https:\/\/coloniafelinatorrox.es\/wp-content\/uploads\/2025\/05\/d3088109b08520f16de812669944682f-1-300x200.jpg 300w, https:\/\/coloniafelinatorrox.es\/wp-content\/uploads\/2025\/05\/d3088109b08520f16de812669944682f-1-768x513.jpg 768w, https:\/\/coloniafelinatorrox.es\/wp-content\/uploads\/2025\/05\/d3088109b08520f16de812669944682f-1-1536x1025.jpg 1536w, https:\/\/coloniafelinatorrox.es\/wp-content\/uploads\/2025\/05\/d3088109b08520f16de812669944682f-1.jpg 2000w\" sizes=\"auto, (max-width: 1024px) 100vw, 1024px\" \/><figcaption class=\"wp-element-caption\"><strong>VILMA<\/strong><\/figcaption><\/figure>\n\n\n\n<figure class=\"wp-block-image\"><img loading=\"lazy\" decoding=\"async\" width=\"1024\" height=\"684\" data-id=\"337\" src=\"https:\/\/coloniafelinatorrox.es\/wp-content\/uploads\/2025\/05\/b211f08950d435e7ea17647c36fafdd5-1-1024x684.jpg\" alt=\"\" class=\"wp-image-337\" srcset=\"https:\/\/coloniafelinatorrox.es\/wp-content\/uploads\/2025\/05\/b211f08950d435e7ea17647c36fafdd5-1-1024x684.jpg 1024w, https:\/\/coloniafelinatorrox.es\/wp-content\/uploads\/2025\/05\/b211f08950d435e7ea17647c36fafdd5-1-300x200.jpg 300w, https:\/\/coloniafelinatorrox.es\/wp-content\/uploads\/2025\/05\/b211f08950d435e7ea17647c36fafdd5-1-768x513.jpg 768w, https:\/\/coloniafelinatorrox.es\/wp-content\/uploads\/2025\/05\/b211f08950d435e7ea17647c36fafdd5-1-1536x1025.jpg 1536w, https:\/\/coloniafelinatorrox.es\/wp-content\/uploads\/2025\/05\/b211f08950d435e7ea17647c36fafdd5-1.jpg 2000w\" sizes=\"auto, (max-width: 1024px) 100vw, 1024px\" \/><figcaption class=\"wp-element-caption\"><strong>DEMO<\/strong><\/figcaption><\/figure>\n\n\n\n<figure class=\"wp-block-image\"><img loading=\"lazy\" decoding=\"async\" width=\"1024\" height=\"684\" data-id=\"338\" src=\"https:\/\/coloniafelinatorrox.es\/wp-content\/uploads\/2025\/05\/22d26e068b8f5403ac7cc6ca2ff02728-1-1024x684.jpg\" alt=\"\" class=\"wp-image-338\" srcset=\"https:\/\/coloniafelinatorrox.es\/wp-content\/uploads\/2025\/05\/22d26e068b8f5403ac7cc6ca2ff02728-1-1024x684.jpg 1024w, https:\/\/coloniafelinatorrox.es\/wp-content\/uploads\/2025\/05\/22d26e068b8f5403ac7cc6ca2ff02728-1-300x200.jpg 300w, https:\/\/coloniafelinatorrox.es\/wp-content\/uploads\/2025\/05\/22d26e068b8f5403ac7cc6ca2ff02728-1-768x513.jpg 768w, https:\/\/coloniafelinatorrox.es\/wp-content\/uploads\/2025\/05\/22d26e068b8f5403ac7cc6ca2ff02728-1-1536x1025.jpg 1536w, https:\/\/coloniafelinatorrox.es\/wp-content\/uploads\/2025\/05\/22d26e068b8f5403ac7cc6ca2ff02728-1.jpg 2000w\" sizes=\"auto, (max-width: 1024px) 100vw, 1024px\" \/><figcaption class=\"wp-element-caption\"><strong>QUESITO<\/strong><\/figcaption><\/figure>\n\n\n\n<figure class=\"wp-block-image\"><img loading=\"lazy\" decoding=\"async\" width=\"1024\" height=\"684\" data-id=\"340\" src=\"https:\/\/coloniafelinatorrox.es\/wp-content\/uploads\/2025\/05\/19489a02f60e9ba86936f4ea14bcd949-1-1024x684.jpg\" alt=\"\" class=\"wp-image-340\" srcset=\"https:\/\/coloniafelinatorrox.es\/wp-content\/uploads\/2025\/05\/19489a02f60e9ba86936f4ea14bcd949-1-1024x684.jpg 1024w, https:\/\/coloniafelinatorrox.es\/wp-content\/uploads\/2025\/05\/19489a02f60e9ba86936f4ea14bcd949-1-300x200.jpg 300w, https:\/\/coloniafelinatorrox.es\/wp-content\/uploads\/2025\/05\/19489a02f60e9ba86936f4ea14bcd949-1-768x513.jpg 768w, https:\/\/coloniafelinatorrox.es\/wp-content\/uploads\/2025\/05\/19489a02f60e9ba86936f4ea14bcd949-1-1536x1025.jpg 1536w, https:\/\/coloniafelinatorrox.es\/wp-content\/uploads\/2025\/05\/19489a02f60e9ba86936f4ea14bcd949-1.jpg 2000w\" sizes=\"auto, (max-width: 1024px) 100vw, 1024px\" \/><figcaption class=\"wp-element-caption\"><strong>GOLDEN<\/strong><\/figcaption><\/figure>\n<\/figure>\n","protected":false},"excerpt":{"rendered":"<p>\u00bfQuieres aumentar tu familia? \u00bfEst\u00e1s pensando en adoptar un gato? Antes de adoptar&#8230; \u00a1piensa! \u00bfEst\u00e1s preparado\/a para tener un gato? \u00bfDe verdad? \u00bfConoces las necesidades de estos animales? \u00bfEst\u00e1s dispuesto\/a a asumir la responsabilidad que conlleva convivir con un animal dom\u00e9stico de compa\u00f1\u00eda? \u00a1Empezamos! Uno de los objetivos principales de la Asociaci\u00f3n es fomentar la [&hellip;]<\/p>\n","protected":false},"author":1,"featured_media":0,"parent":0,"menu_order":0,"comment_status":"closed","ping_status":"closed","template":"","meta":{"site-sidebar-layout":"default","site-content-layout":"","ast-site-content-layout":"default","site-content-style":"default","site-sidebar-style":"default","ast-global-header-display":"","ast-banner-title-visibility":"","ast-main-header-display":"","ast-hfb-above-header-display":"","ast-hfb-below-header-display":"","ast-hfb-mobile-header-display":"","site-post-title":"","ast-breadcrumbs-content":"","ast-featured-img":"","footer-sml-layout":"","ast-disable-related-posts":"","theme-transparent-header-meta":"","adv-header-id-meta":"","stick-header-meta":"","header-above-stick-meta":"","header-main-stick-meta":"","header-below-stick-meta":"","astra-migrate-meta-layouts":"set","ast-page-background-enabled":"default","ast-page-background-meta":{"desktop":{"background-color":"var(--ast-global-color-4)","background-image":"","background-repeat":"repeat","background-position":"center center","background-size":"auto","background-attachment":"scroll","background-type":"","background-media":"","overlay-type":"","overlay-color":"","overlay-opacity":"","overlay-gradient":""},"tablet":{"background-color":"","background-image":"","background-repeat":"repeat","background-position":"center center","background-size":"auto","background-attachment":"scroll","background-type":"","background-media":"","overlay-type":"","overlay-color":"","overlay-opacity":"","overlay-gradient":""},"mobile":{"background-color":"","background-image":"","background-repeat":"repeat","background-position":"center center","background-size":"auto","background-attachment":"scroll","background-type":"","background-media":"","overlay-type":"","overlay-color":"","overlay-opacity":"","overlay-gradient":""}},"ast-content-background-meta":{"desktop":{"background-color":"var(--ast-global-color-5)","background-image":"","background-repeat":"repeat","background-position":"center center","background-size":"auto","background-attachment":"scroll","background-type":"","background-media":"","overlay-type":"","overlay-color":"","overlay-opacity":"","overlay-gradient":""},"tablet":{"background-color":"var(--ast-global-color-5)","background-image":"","background-repeat":"repeat","background-position":"center center","background-size":"auto","background-attachment":"scroll","background-type":"","background-media":"","overlay-type":"","overlay-color":"","overlay-opacity":"","overlay-gradient":""},"mobile":{"background-color":"var(--ast-global-color-5)","background-image":"","background-repeat":"repeat","background-position":"center center","background-size":"auto","background-attachment":"scroll","background-type":"","background-media":"","overlay-type":"","overlay-color":"","overlay-opacity":"","overlay-gradient":""}},"footnotes":""},"class_list":["post-223","page","type-page","status-publish","hentry"],"_links":{"self":[{"href":"https:\/\/coloniafelinatorrox.es\/index.php?rest_route=\/wp\/v2\/pages\/223","targetHints":{"allow":["GET"]}}],"collection":[{"href":"https:\/\/coloniafelinatorrox.es\/index.php?rest_route=\/wp\/v2\/pages"}],"about":[{"href":"https:\/\/coloniafelinatorrox.es\/index.php?rest_route=\/wp\/v2\/types\/page"}],"author":[{"embeddable":true,"href":"https:\/\/coloniafelinatorrox.es\/index.php?rest_route=\/wp\/v2\/users\/1"}],"replies":[{"embeddable":true,"href":"https:\/\/coloniafelinatorrox.es\/index.php?rest_route=%2Fwp%2Fv2%2Fcomments&post=223"}],"version-history":[{"count":12,"href":"https:\/\/coloniafelinatorrox.es\/index.php?rest_route=\/wp\/v2\/pages\/223\/revisions"}],"predecessor-version":[{"id":341,"href":"https:\/\/coloniafelinatorrox.es\/index.php?rest_route=\/wp\/v2\/pages\/223\/revisions\/341"}],"wp:attachment":[{"href":"https:\/\/coloniafelinatorrox.es\/index.php?rest_route=%2Fwp%2Fv2%2Fmedia&parent=223"}],"curies":[{"name":"wp","href":"https:\/\/api.w.org\/{rel}","templated":true}]}}