{"id":129,"date":"2022-07-16T12:20:41","date_gmt":"2022-07-16T10:20:41","guid":{"rendered":"https:\/\/coloniafelinatorrox.es\/?page_id=129"},"modified":"2025-05-23T22:20:53","modified_gmt":"2025-05-23T20:20:53","slug":"colabora","status":"publish","type":"page","link":"https:\/\/coloniafelinatorrox.es\/?page_id=129","title":{"rendered":"COLABORA"},"content":{"rendered":"\n<p><\/p>\n\n\n\n<figure class=\"wp-block-image size-full is-resized\"><img loading=\"lazy\" decoding=\"async\" width=\"2560\" height=\"1280\" src=\"https:\/\/coloniafelinatorrox.es\/wp-content\/uploads\/2025\/05\/Diseno-sin-titulo-scaled.png\" alt=\"\" class=\"wp-image-207\" style=\"width:750px;height:auto\" srcset=\"https:\/\/coloniafelinatorrox.es\/wp-content\/uploads\/2025\/05\/Diseno-sin-titulo-scaled.png 2560w, https:\/\/coloniafelinatorrox.es\/wp-content\/uploads\/2025\/05\/Diseno-sin-titulo-300x150.png 300w, https:\/\/coloniafelinatorrox.es\/wp-content\/uploads\/2025\/05\/Diseno-sin-titulo-1024x512.png 1024w, https:\/\/coloniafelinatorrox.es\/wp-content\/uploads\/2025\/05\/Diseno-sin-titulo-768x384.png 768w, https:\/\/coloniafelinatorrox.es\/wp-content\/uploads\/2025\/05\/Diseno-sin-titulo-1536x768.png 1536w, https:\/\/coloniafelinatorrox.es\/wp-content\/uploads\/2025\/05\/Diseno-sin-titulo-2048x1024.png 2048w\" sizes=\"auto, (max-width: 2560px) 100vw, 2560px\" \/><\/figure>\n\n\n\n<p class=\"p1\"><strong>\u00bfNOS AYUDAS A SEGUIR?<\/strong><\/p>\n\n\n\n<p><strong>Nuestro teaming:<\/strong><\/p>\n\n\n\n<p class=\"p1\">Puedes unirte a nuestro grupo teaming donando 1 euro al mes.<\/p>\n\n\n\n<p class=\"p1\"><a href=\"http:\/\/www.teaming.net\/coloniafelinatorrox\">www.teaming.net\/coloniafelinatorrox<\/a><\/p>\n\n\n\n<p><\/p>\n\n\n\n<p class=\"p1\"><strong> Nuestro Voluntariado:<\/strong><\/p>\n\n\n\n<p class=\"p1\">O unirte como voluntaria en esta Asociaci\u00f3n. \u00a1Seguro que tienes mucho que aportar!<\/p>\n\n\n\n<p><a href=\"https:\/\/forms.gle\/7vPWnbKJc9ndyHfv9\" data-type=\"link\" data-id=\"https:\/\/forms.gle\/7vPWnbKJc9ndyHfv9\">https:\/\/forms.gle\/7vPWnbKJc9ndyHfv9<\/a><\/p>\n\n\n\n<p><\/p>\n\n\n\n<p class=\"p1\"><strong>Donativos: <\/strong><\/p>\n\n\n\n<p class=\"p1\">Si no tienes mucho tiempo libre y deseas hacer alg\u00fan donativo puedes hacerlo  a trav\u00e9s de transferencias o ingresos (en cualquier oficina del Banco Santander ) en la cuenta de la Asociaci\u00f3n:<\/p>\n\n\n\n<p class=\"p1\">*TITULAR: Asociaci\u00f3n para la Protecci\u00f3n de la Colonia Felina Torrox<\/p>\n\n\n\n<p class=\"p1\">*BANCO: Openbank<\/p>\n\n\n\n<p class=\"p1\">*IBAN: ES6100730100520505339098&nbsp;<\/p>\n\n\n\n<p><\/p>\n\n\n\n<p><strong>\u00a1Comida!<\/strong><\/p>\n\n\n\n<p>O si lo prefieres puedes donar pienso y latitas para los gatos de las colonias. Escr\u00edbenos a coloniafelinatorrox@yahoo.com y te decimos d\u00f3nde puedes dejarlo o bien te los recogemos. <\/p>\n\n\n\n<p class=\"has-x-large-font-size\"><strong>\u00a1GRACIAS!<\/strong><\/p>\n\n\n\n<p><\/p>\n","protected":false},"excerpt":{"rendered":"<p>\u00bfNOS AYUDAS A SEGUIR? Nuestro teaming: Puedes unirte a nuestro grupo teaming donando 1 euro al mes. www.teaming.net\/coloniafelinatorrox Nuestro Voluntariado: O unirte como voluntaria en esta Asociaci\u00f3n. \u00a1Seguro que tienes mucho que aportar! https:\/\/forms.gle\/7vPWnbKJc9ndyHfv9 Donativos: Si no tienes mucho tiempo libre y deseas hacer alg\u00fan donativo puedes hacerlo a trav\u00e9s de transferencias o ingresos (en [&hellip;]<\/p>\n","protected":false},"author":1,"featured_media":0,"parent":0,"menu_order":0,"comment_status":"closed","ping_status":"closed","template":"","meta":{"site-sidebar-layout":"default","site-content-layout":"","ast-site-content-layout":"default","site-content-style":"default","site-sidebar-style":"default","ast-global-header-display":"","ast-banner-title-visibility":"","ast-main-header-display":"","ast-hfb-above-header-display":"","ast-hfb-below-header-display":"","ast-hfb-mobile-header-display":"","site-post-title":"","ast-breadcrumbs-content":"","ast-featured-img":"","footer-sml-layout":"","ast-disable-related-posts":"","theme-transparent-header-meta":"","adv-header-id-meta":"","stick-header-meta":"","header-above-stick-meta":"","header-main-stick-meta":"","header-below-stick-meta":"","astra-migrate-meta-layouts":"set","ast-page-background-enabled":"default","ast-page-background-meta":{"desktop":{"background-color":"var(--ast-global-color-4)","background-image":"","background-repeat":"repeat","background-position":"center center","background-size":"auto","background-attachment":"scroll","background-type":"","background-media":"","overlay-type":"","overlay-color":"","overlay-opacity":"","overlay-gradient":""},"tablet":{"background-color":"","background-image":"","background-repeat":"repeat","background-position":"center center","background-size":"auto","background-attachment":"scroll","background-type":"","background-media":"","overlay-type":"","overlay-color":"","overlay-opacity":"","overlay-gradient":""},"mobile":{"background-color":"","background-image":"","background-repeat":"repeat","background-position":"center center","background-size":"auto","background-attachment":"scroll","background-type":"","background-media":"","overlay-type":"","overlay-color":"","overlay-opacity":"","overlay-gradient":""}},"ast-content-background-meta":{"desktop":{"background-color":"var(--ast-global-color-5)","background-image":"","background-repeat":"repeat","background-position":"center center","background-size":"auto","background-attachment":"scroll","background-type":"","background-media":"","overlay-type":"","overlay-color":"","overlay-opacity":"","overlay-gradient":""},"tablet":{"background-color":"var(--ast-global-color-5)","background-image":"","background-repeat":"repeat","background-position":"center center","background-size":"auto","background-attachment":"scroll","background-type":"","background-media":"","overlay-type":"","overlay-color":"","overlay-opacity":"","overlay-gradient":""},"mobile":{"background-color":"var(--ast-global-color-5)","background-image":"","background-repeat":"repeat","background-position":"center center","background-size":"auto","background-attachment":"scroll","background-type":"","background-media":"","overlay-type":"","overlay-color":"","overlay-opacity":"","overlay-gradient":""}},"footnotes":""},"class_list":["post-129","page","type-page","status-publish","hentry"],"_links":{"self":[{"href":"https:\/\/coloniafelinatorrox.es\/index.php?rest_route=\/wp\/v2\/pages\/129","targetHints":{"allow":["GET"]}}],"collection":[{"href":"https:\/\/coloniafelinatorrox.es\/index.php?rest_route=\/wp\/v2\/pages"}],"about":[{"href":"https:\/\/coloniafelinatorrox.es\/index.php?rest_route=\/wp\/v2\/types\/page"}],"author":[{"embeddable":true,"href":"https:\/\/coloniafelinatorrox.es\/index.php?rest_route=\/wp\/v2\/users\/1"}],"replies":[{"embeddable":true,"href":"https:\/\/coloniafelinatorrox.es\/index.php?rest_route=%2Fwp%2Fv2%2Fcomments&post=129"}],"version-history":[{"count":6,"href":"https:\/\/coloniafelinatorrox.es\/index.php?rest_route=\/wp\/v2\/pages\/129\/revisions"}],"predecessor-version":[{"id":219,"href":"https:\/\/coloniafelinatorrox.es\/index.php?rest_route=\/wp\/v2\/pages\/129\/revisions\/219"}],"wp:attachment":[{"href":"https:\/\/coloniafelinatorrox.es\/index.php?rest_route=%2Fwp%2Fv2%2Fmedia&parent=129"}],"curies":[{"name":"wp","href":"https:\/\/api.w.org\/{rel}","templated":true}]}}